{"id":2,"date":"2024-01-28T02:38:18","date_gmt":"2024-01-28T01:38:18","guid":{"rendered":"http:\/\/quentin-lewis.com\/?page_id=2"},"modified":"2024-04-07T23:39:45","modified_gmt":"2024-04-07T21:39:45","slug":"apropos","status":"publish","type":"page","link":"https:\/\/quentin-lewis.com\/index.php\/apropos\/","title":{"rendered":"Quentin Qui ?"},"content":{"rendered":"\n<p>Cin\u00e9aste tardif, journaliste culturel abrasif, enseignant d\u00e9pressif et amateur de rimes en if, Quentin Lewis s\u2019est dit qu\u2019il allait faire un blog. Parce qu\u2019il para\u00eet que les blogs sont hyper populaires de nos jours chez les jeunes \u00e0 la pointe de la technologie. Ceux qui s\u2019envoient des textos, passent leurs journ\u00e9es sur MSN ou t\u00e9l\u00e9chargent le dernier \u00e9pisode de la <em>Trilogie du Samedi<\/em> sur eMule. Il a aussi remarqu\u00e9 qu\u2019\u00e9crire sur lui \u00e0 la troisi\u00e8me personne dans une pr\u00e9sentation en ligne faisait plus classe.<\/p>\n\n\n\n<figure class=\"wp-block-image aligncenter size-large is-resized\"><img loading=\"lazy\" decoding=\"async\" width=\"841\" height=\"1024\" src=\"http:\/\/quentin-lewis.com\/wp-content\/uploads\/2024\/02\/428093048_695895809375220_1807529777725357960_n-841x1024.jpg\" alt=\"\" class=\"wp-image-204\" style=\"object-fit:cover;width:496px;height:auto\" srcset=\"https:\/\/quentin-lewis.com\/wp-content\/uploads\/2024\/02\/428093048_695895809375220_1807529777725357960_n-841x1024.jpg 841w, https:\/\/quentin-lewis.com\/wp-content\/uploads\/2024\/02\/428093048_695895809375220_1807529777725357960_n-246x300.jpg 246w, https:\/\/quentin-lewis.com\/wp-content\/uploads\/2024\/02\/428093048_695895809375220_1807529777725357960_n-768x935.jpg 768w, https:\/\/quentin-lewis.com\/wp-content\/uploads\/2024\/02\/428093048_695895809375220_1807529777725357960_n.jpg 888w\" sizes=\"auto, (max-width: 841px) 100vw, 841px\" \/><\/figure>\n\n\n\n<p>J\u2019ai pourtant toujours pr\u00e9f\u00e9r\u00e9 l\u2019\u00e9cole en \u00e9t\u00e9, quand il n\u2019y avait aucune classe. Je vais donc laisser la troisi\u00e8me personne au dernier survivant du <em>Clan des Siciliens<\/em> et vous expliquer bri\u00e8vement de quoi il retourne. Parce que voyez-vous, je suis un \u00e9criveur compulsif (pour d\u00e9tourner les mots des P. Desproges et autres J. Berroyer de cette plan\u00e8te, grands explorateurs de notre langue qui ont su rendre ce monde un peu moins laid qu\u2019ils l\u2019ont trouv\u00e9 au gr\u00e9 de leurs belles lettres).<\/p>\n\n\n\n<p>En attendant de d\u00e9tailler ici plusieurs projets dont il me tarde de vous faire part, je vous laisse ces quelques \u00e9crits r\u00e9dig\u00e9s par ma personne, publi\u00e9s par moi-m\u00eame \u00e0 titre posthume avec un peu d\u2019avance. Une poign\u00e9e d\u2019essais fictionnels ou critiques, un ou deux pamphlets \u00e9gar\u00e9s et beaucoup trop d\u2019articles sur la culture sous toutes ses formes. Qu\u2019elle soit <em>sarcophagu\u00e9e<\/em> sous la vitrine rutilante d\u2019un mus\u00e9e ou qu\u2019elle fasse <em>POP<\/em> quand on tente de l\u2019extirper du quotidien des petites gens. Car c\u2019est bien cette diff\u00e9rence hi\u00e9rarchique qui s\u00e9pare les arts nobles de ceux qui ne valent pas encore cette appellation. Alors que dans le fond, la culture populaire d\u2019aujourd\u2019hui n\u2019est-elle pas la culture classique de demain\u00a0?<\/p>\n\n\n\n<figure class=\"wp-block-image aligncenter size-large is-resized\"><img loading=\"lazy\" decoding=\"async\" width=\"1024\" height=\"572\" src=\"https:\/\/quentin-lewis.com\/wp-content\/uploads\/2024\/03\/431402742_438841692158353_2118622743804276567_n-1024x572.jpg\" alt=\"\" class=\"wp-image-256\" style=\"width:764px;height:auto\" srcset=\"https:\/\/quentin-lewis.com\/wp-content\/uploads\/2024\/03\/431402742_438841692158353_2118622743804276567_n-1024x572.jpg 1024w, https:\/\/quentin-lewis.com\/wp-content\/uploads\/2024\/03\/431402742_438841692158353_2118622743804276567_n-300x167.jpg 300w, https:\/\/quentin-lewis.com\/wp-content\/uploads\/2024\/03\/431402742_438841692158353_2118622743804276567_n-768x429.jpg 768w, https:\/\/quentin-lewis.com\/wp-content\/uploads\/2024\/03\/431402742_438841692158353_2118622743804276567_n.jpg 1125w\" sizes=\"auto, (max-width: 1024px) 100vw, 1024px\" \/><\/figure>\n\n\n\n<p>Pourtant, ce rejet des cultures les plus populaires n\u2019est pas une chose nouvelle dans le pays d\u2019Eug\u00e8ne Sue. Il s\u2019agit presque d\u2019un sport national, aussi vieux que la Monarchie de Juillet. Et la fa\u00e7on qu\u2019on a de pointer du doigt les cons\u00e9quences pr\u00e9tendues de nos jeux vid\u00e9o violents ou des s\u00e9ries trop subversives sur notre soci\u00e9t\u00e9 n\u2019est pas sans rappeler la fr\u00e9n\u00e9sie d\u2019une autre \u00e9poque o\u00f9 l\u2019expressionnisme allemand allait bient\u00f4t \u00eatre consid\u00e9r\u00e9 comme un \u00ab&nbsp;art d\u00e9g\u00e9n\u00e9r\u00e9&nbsp;\u00bb. Quelques ann\u00e9es plus t\u00f4t, le proc\u00e8s d\u2019intention subi par l\u2019<em>Ulysse<\/em> de James Joyce aurait quant \u00e0 lui de quoi titiller nos zygomatiques de femmes et d\u2019hommes modernes. Mais un rapide coup d\u2019\u0153il \u00e0 notre paysage actuel suffit \u00e0 faire retomber nos commissures. Qu\u2019importe si l\u2019on r\u00e9side \u00e0 gauche ou \u00e0 droite du spectre politique, balayer devant notre porte en ce moment n\u2019a rien de bien r\u00e9jouissant. Pris en sandwich par cet appel \u00e0 la censure provenant des deux c\u00f4t\u00e9s, j\u2019ai pr\u00e9f\u00e9r\u00e9 r\u00e9pondre \u00e0 un autre appel&nbsp;: celui de l\u2019aventure. Cette envie pressante de mettre les voiles constitue l\u2019origine m\u00eame de ce blog.<\/p>\n\n\n\n<p>Voyez-vous, on a \u00e9rig\u00e9 des tr\u00e8s grosses pierres autour de notre culture, pour s\u2019assurer qu\u2019elle ne soit pas accessible \u00e0 tous. Et ce n\u2019est pas mon incursion dans le monde universitaire fran\u00e7ais qui m\u2019a d\u00e9lest\u00e9 de cette notion, bien au contraire. J\u2019y ai d\u00e9couvert un temple occulte o\u00f9 la connaissance est conserv\u00e9e cupidement. \u00c0 la fa\u00e7on d\u2019un joyau inestimable qui ne pourrait \u00eatre touch\u00e9 que par quelques initi\u00e9s. Les autres, ce sont ceux qui meurent d\u2019ennui en voulant s\u2019en approcher. Les non-m\u00e9ritants, d\u00e9tourn\u00e9s de ce tr\u00e9sor par ceux qui manient les effets de langue pompeux pour dissimuler la vacuit\u00e9 de leur propos. Mais n\u2019aie crainte, cher lecteur&nbsp;! En v\u00e9ritable flibustier des temps modernes, j\u2019ai brav\u00e9 tous les dangers pour tenter de m\u2019en approcher. Mais ce n\u2019est pas l\u00e0 que r\u00e9sidait le v\u00e9ritable risque. Je suis convaincu qu\u2019atteindre la culture acad\u00e9mique est \u00e0 la port\u00e9e de tous, du moment qu\u2019on sache o\u00f9 sont situ\u00e9s les pi\u00e8ges mortels et quelles dalles d\u00e9clenchent les dards soporifiques. Non, la vraie difficult\u00e9, c\u2019est de revenir de cette jungle funeste.<\/p>\n\n\n\n<figure class=\"wp-block-image aligncenter size-large is-resized\"><img loading=\"lazy\" decoding=\"async\" width=\"1024\" height=\"663\" src=\"https:\/\/quentin-lewis.com\/wp-content\/uploads\/2024\/03\/431447612_1399398487614985_278926521421912506_n-1024x663.jpg\" alt=\"\" class=\"wp-image-257\" style=\"width:764px\" srcset=\"https:\/\/quentin-lewis.com\/wp-content\/uploads\/2024\/03\/431447612_1399398487614985_278926521421912506_n-1024x663.jpg 1024w, https:\/\/quentin-lewis.com\/wp-content\/uploads\/2024\/03\/431447612_1399398487614985_278926521421912506_n-300x194.jpg 300w, https:\/\/quentin-lewis.com\/wp-content\/uploads\/2024\/03\/431447612_1399398487614985_278926521421912506_n-768x497.jpg 768w, https:\/\/quentin-lewis.com\/wp-content\/uploads\/2024\/03\/431447612_1399398487614985_278926521421912506_n.jpg 1125w\" sizes=\"auto, (max-width: 1024px) 100vw, 1024px\" \/><\/figure>\n\n\n\n<p>Les quelques \u00e9crits que j\u2019ai pu rapporter avec moi de ce voyage p\u00e9rilleux en sont la preuve. J\u2019ai fait de mon mieux pour me tailler un chemin parmi les lierres pernicieuses de l\u2019acad\u00e9misme fran\u00e7ais ou en tentant de m\u2019infiltrer laborieusement parmi les mauvaises herbes 2.0 qui ont envahi le paysage du journalisme moderne&nbsp;(plus connues sous le nom de b\u00e2tonnage). H\u00e9las, il m\u2019a fallu constater que les vieux adages mentent, et la plus ac\u00e9r\u00e9e des plumes reste moins redoutable qu\u2019une machette. Surtout face aux serpents venimeux et mygales rampantes qui m\u2019encerclent au moment de r\u00e9diger ces derni\u00e8res lignes.<\/p>\n\n\n\n<p>Me sachant condamn\u00e9, j\u2019ai malgr\u00e9 tout pu envoyer des bouteilles \u00e0 la mer au fil des ann\u00e9es. Ainsi, le but de la rubrique &#8220;\u00c9crits&#8221; de ce site n\u2019est pas de constituer un corpus exhaustif. Il s\u2019agit plut\u00f4t de lancer un filet de p\u00eache pour essayer de rattraper quelques-unes d\u2019entre elles. Une tentative de drainer toute l\u2019encre d\u00e9vers\u00e9e vainement au fil des ann\u00e9es dans un oc\u00e9an de pixels. Les exp\u00e9rimentations d\u2019une frivole \u00ab&nbsp;s\u00e9riosit\u00e9&nbsp;\u00bb adress\u00e9s \u00e0 celles et ceux qui aiment faire des pas de c\u00f4t\u00e9 quand on leur intime de filer droit. Et qui pr\u00e9f\u00e8rent gratter le vernis des choses quand on leur demande de se cantonner \u00e0 leur surface. Juste histoire de voir ce qui se cache en-dessous&#8230;<\/p>\n\n\n\n<hr class=\"wp-block-separator has-alpha-channel-opacity is-style-wide\"\/>\n\n\n\n<p>Cr\u00e9dits collage&nbsp;: \u00c0 une \u00e9poque o\u00f9 les artistes de tous poils sont menac\u00e9s par l\u2019usage que font certains idiots authentiques de l\u2019intelligence artificielle, l\u2019envie de me mettre \u00e0 la colle avec une belle paire de ciseaux devenait de plus en plus excitante. Alors que les mal-nomm\u00e9s \u00ab&nbsp;I.A. artists&nbsp;\u00bb n\u2019ont aucun moyen de savoir qui ils plagient, je d\u00e9coupe des trucs dans l&#8217;espoir de d\u00e9nuder les \u00e9paules des g\u00e9ants sur lesquelles nous nous hissons. Il y a d\u2019abord le logo officieux du site issu du magazine <em>Famous Monsters of Filmland<\/em>, dans lequel le maquilleur de cin\u00e9ma Dick Smith apprenait aux enfants comment \u00e9laborer eux-m\u00eames leurs propres maquillages monstrueux. Mais aussi Pierre Tchernia, Bram Stoker, Milicent Patrick, John Tenniel, George Lucas, James Joyce, Ren\u00e9 Goscinny, Patrick McGoohan, Peter Cushing, Verity Lambert, Terry Gilliam et les autres. Sans oublier les magazines qui ont fait leur temps (<em>The Adventurer, Player One<\/em>), ceux qui auraient m\u00e9rit\u00e9 de durer plus longuement (<em>Midi Minuit Fantastique, Pilote, St-Cinema des Pres, Star Cin\u00e9 Cosmos<\/em>) et l\u2019un des rares \u00e0 r\u00e9sister encore et toujours \u00e0 l\u2019envahisseur (<em>Mad Movies<\/em>).<\/p>\n","protected":false},"excerpt":{"rendered":"<p>Cin\u00e9aste tardif, journaliste culturel abrasif, enseignant d\u00e9pressif et amateur de rimes en if, Quentin Lewis s\u2019est dit qu\u2019il allait faire un blog. Parce qu\u2019il para\u00eet que les blogs sont hyper populaires de nos jours chez les jeunes \u00e0 la pointe de la technologie. Ceux qui s\u2019envoient des textos, passent leurs journ\u00e9es sur MSN ou t\u00e9l\u00e9chargent [&hellip;]<\/p>\n","protected":false},"author":1,"featured_media":0,"parent":0,"menu_order":0,"comment_status":"closed","ping_status":"open","template":"","meta":{"site-sidebar-layout":"default","site-content-layout":"","ast-site-content-layout":"","site-content-style":"default","site-sidebar-style":"default","ast-global-header-display":"","ast-banner-title-visibility":"","ast-main-header-display":"","ast-hfb-above-header-display":"","ast-hfb-below-header-display":"","ast-hfb-mobile-header-display":"","site-post-title":"","ast-breadcrumbs-content":"","ast-featured-img":"","footer-sml-layout":"","theme-transparent-header-meta":"","adv-header-id-meta":"","stick-header-meta":"","header-above-stick-meta":"","header-main-stick-meta":"","header-below-stick-meta":"","astra-migrate-meta-layouts":"default","ast-page-background-enabled":"default","ast-page-background-meta":{"desktop":{"background-color":"var(--ast-global-color-4)","background-image":"","background-repeat":"repeat","background-position":"center center","background-size":"auto","background-attachment":"scroll","background-type":"","background-media":"","overlay-type":"","overlay-color":"","overlay-gradient":""},"tablet":{"background-color":"","background-image":"","background-repeat":"repeat","background-position":"center center","background-size":"auto","background-attachment":"scroll","background-type":"","background-media":"","overlay-type":"","overlay-color":"","overlay-gradient":""},"mobile":{"background-color":"","background-image":"","background-repeat":"repeat","background-position":"center center","background-size":"auto","background-attachment":"scroll","background-type":"","background-media":"","overlay-type":"","overlay-color":"","overlay-gradient":""}},"ast-content-background-meta":{"desktop":{"background-color":"var(--ast-global-color-5)","background-image":"","background-repeat":"repeat","background-position":"center center","background-size":"auto","background-attachment":"scroll","background-type":"","background-media":"","overlay-type":"","overlay-color":"","overlay-gradient":""},"tablet":{"background-color":"var(--ast-global-color-5)","background-image":"","background-repeat":"repeat","background-position":"center center","background-size":"auto","background-attachment":"scroll","background-type":"","background-media":"","overlay-type":"","overlay-color":"","overlay-gradient":""},"mobile":{"background-color":"var(--ast-global-color-5)","background-image":"","background-repeat":"repeat","background-position":"center center","background-size":"auto","background-attachment":"scroll","background-type":"","background-media":"","overlay-type":"","overlay-color":"","overlay-gradient":""}},"footnotes":""},"class_list":["post-2","page","type-page","status-publish","hentry"],"_links":{"self":[{"href":"https:\/\/quentin-lewis.com\/index.php\/wp-json\/wp\/v2\/pages\/2","targetHints":{"allow":["GET"]}}],"collection":[{"href":"https:\/\/quentin-lewis.com\/index.php\/wp-json\/wp\/v2\/pages"}],"about":[{"href":"https:\/\/quentin-lewis.com\/index.php\/wp-json\/wp\/v2\/types\/page"}],"author":[{"embeddable":true,"href":"https:\/\/quentin-lewis.com\/index.php\/wp-json\/wp\/v2\/users\/1"}],"replies":[{"embeddable":true,"href":"https:\/\/quentin-lewis.com\/index.php\/wp-json\/wp\/v2\/comments?post=2"}],"version-history":[{"count":28,"href":"https:\/\/quentin-lewis.com\/index.php\/wp-json\/wp\/v2\/pages\/2\/revisions"}],"predecessor-version":[{"id":317,"href":"https:\/\/quentin-lewis.com\/index.php\/wp-json\/wp\/v2\/pages\/2\/revisions\/317"}],"wp:attachment":[{"href":"https:\/\/quentin-lewis.com\/index.php\/wp-json\/wp\/v2\/media?parent=2"}],"curies":[{"name":"wp","href":"https:\/\/api.w.org\/{rel}","templated":true}]}}